{"id":2,"date":"2017-07-11T08:54:31","date_gmt":"2017-07-11T08:54:31","guid":{"rendered":"https:\/\/intasconstruction.com\/index.php\/home\/"},"modified":"2023-09-13T10:32:36","modified_gmt":"2023-09-13T06:32:36","slug":"home","status":"publish","type":"page","link":"https:\/\/intasconstruction.com\/","title":{"rendered":"Home"},"content":{"rendered":"<style>\/*! elementor - v3.14.0 - 26-06-2023 *\/\n.elementor-heading-title{padding:0;margin:0;line-height:1}.elementor-widget-heading .elementor-heading-title[class*=elementor-size-]>a{color:inherit;font-size:inherit;line-height:inherit}.elementor-widget-heading .elementor-heading-title.elementor-size-small{font-size:15px}.elementor-widget-heading .elementor-heading-title.elementor-size-medium{font-size:19px}.elementor-widget-heading .elementor-heading-title.elementor-size-large{font-size:29px}.elementor-widget-heading .elementor-heading-title.elementor-size-xl{font-size:39px}.elementor-widget-heading .elementor-heading-title.elementor-size-xxl{font-size:59px}<\/style>\n<h1>Geni\u015f Vizyon<br \/> <br \/>\nD\u00fcr\u00fcst Xidm\u0259t<br \/>\n\u018fla D\u0259y\u0259r<\/h1>\n<p>Layih\u0259l\u0259rimizi t\u0259yin olunmu\u015f m\u00fcdd\u0259t \u0259rzind\u0259 t\u0259qdim etm\u0259k bizim\u00a0 m\u0259qs\u0259dimizdir v\u0259 bu\u00a0 h\u0259m ke\u00e7mi\u015fd\u0259, h\u0259m d\u0259 indiki vaxtda d\u0259yi\u015fm\u0259z olaraq qal\u0131r.<\/p>\n<p>\t\t\t<a href=\"#\"><br \/>\n\t\t\t\t<svg xmlns=\"http:\/\/www.w3.org\/2000\/svg\" viewBox=\"0 0 32 32\"><path d=\"M 18.71875 6.78125 L 17.28125 8.21875 L 24.0625 15 L 4 15 L 4 17 L 24.0625 17 L 17.28125 23.78125 L 18.71875 25.21875 L 27.21875 16.71875 L 27.90625 16 L 27.21875 15.28125 Z\"><\/path><\/svg><br \/>\n\t\t\t\t\t\tM\u0259sl\u0259h\u0259t Al\u0131n<br \/>\n\t\t\t\t\t<\/a><br \/>\n\t\t\t<a href=\"#\"><br \/>\n\t\t\t\t\t\t\u018flaq\u0259 saxlay\u0131n<br \/>\n\t\t\t\t\t<\/a><\/p>\n<h2>Tikinti \u015eirk\u0259timiz\u0259 Xo\u015f G\u0259lmisiniz<\/h2>\n<style>\/*! elementor - v3.14.0 - 26-06-2023 *\/\n.elementor-widget-divider{--divider-border-style:none;--divider-border-width:1px;--divider-color:#0c0d0e;--divider-icon-size:20px;--divider-element-spacing:10px;--divider-pattern-height:24px;--divider-pattern-size:20px;--divider-pattern-url:none;--divider-pattern-repeat:repeat-x}.elementor-widget-divider .elementor-divider{display:flex}.elementor-widget-divider .elementor-divider__text{font-size:15px;line-height:1;max-width:95%}.elementor-widget-divider .elementor-divider__element{margin:0 var(--divider-element-spacing);flex-shrink:0}.elementor-widget-divider .elementor-icon{font-size:var(--divider-icon-size)}.elementor-widget-divider .elementor-divider-separator{display:flex;margin:0;direction:ltr}.elementor-widget-divider--view-line_icon .elementor-divider-separator,.elementor-widget-divider--view-line_text .elementor-divider-separator{align-items:center}.elementor-widget-divider--view-line_icon .elementor-divider-separator:after,.elementor-widget-divider--view-line_icon .elementor-divider-separator:before,.elementor-widget-divider--view-line_text .elementor-divider-separator:after,.elementor-widget-divider--view-line_text .elementor-divider-separator:before{display:block;content:\"\";border-bottom:0;flex-grow:1;border-top:var(--divider-border-width) var(--divider-border-style) var(--divider-color)}.elementor-widget-divider--element-align-left .elementor-divider .elementor-divider-separator>.elementor-divider__svg:first-of-type{flex-grow:0;flex-shrink:100}.elementor-widget-divider--element-align-left .elementor-divider-separator:before{content:none}.elementor-widget-divider--element-align-left .elementor-divider__element{margin-left:0}.elementor-widget-divider--element-align-right .elementor-divider .elementor-divider-separator>.elementor-divider__svg:last-of-type{flex-grow:0;flex-shrink:100}.elementor-widget-divider--element-align-right .elementor-divider-separator:after{content:none}.elementor-widget-divider--element-align-right .elementor-divider__element{margin-right:0}.elementor-widget-divider:not(.elementor-widget-divider--view-line_text):not(.elementor-widget-divider--view-line_icon) .elementor-divider-separator{border-top:var(--divider-border-width) var(--divider-border-style) var(--divider-color)}.elementor-widget-divider--separator-type-pattern{--divider-border-style:none}.elementor-widget-divider--separator-type-pattern.elementor-widget-divider--view-line .elementor-divider-separator,.elementor-widget-divider--separator-type-pattern:not(.elementor-widget-divider--view-line) .elementor-divider-separator:after,.elementor-widget-divider--separator-type-pattern:not(.elementor-widget-divider--view-line) .elementor-divider-separator:before,.elementor-widget-divider--separator-type-pattern:not([class*=elementor-widget-divider--view]) .elementor-divider-separator{width:100%;min-height:var(--divider-pattern-height);-webkit-mask-size:var(--divider-pattern-size) 100%;mask-size:var(--divider-pattern-size) 100%;-webkit-mask-repeat:var(--divider-pattern-repeat);mask-repeat:var(--divider-pattern-repeat);background-color:var(--divider-color);-webkit-mask-image:var(--divider-pattern-url);mask-image:var(--divider-pattern-url)}.elementor-widget-divider--no-spacing{--divider-pattern-size:auto}.elementor-widget-divider--bg-round{--divider-pattern-repeat:round}.rtl .elementor-widget-divider .elementor-divider__text{direction:rtl}.e-con-inner>.elementor-widget-divider,.e-con>.elementor-widget-divider{width:var(--container-widget-width,100%);--flex-grow:var(--container-widget-flex-grow)}<\/style>\n<h4>Vizyonlar\u0131m\u0131z\u0131 harada yarad\u0131r\u0131q<\/h4>\n<p>Pe\u015f\u0259kar tikinti \u015firk\u0259timiz\u0259 xo\u015f g\u0259lmisiniz! Biz sizin b\u00fct\u00fcn tikinti ehtiyaclar\u0131n\u0131za cavab ver\u0259n y\u00fcks\u0259k s\u0259viyy\u0259li xidm\u0259tl\u0259r t\u0259klif etm\u0259kd\u0259n q\u00fcrur duyuruq. \u0130ll\u0259rl\u0259 s\u0259naye t\u0259cr\u00fcb\u0259si il\u0259 biz ya\u015fay\u0131\u015f evl\u0259rind\u0259n ticar\u0259t kompleksl\u0259rin\u0259 q\u0259d\u0259r geni\u015f spektrli layih\u0259l\u0259ri u\u011furla tamamlad\u0131q.<\/p>\n<p>\u015eirk\u0259timizd\u0259 sizin rifah\u0131n\u0131z\u0131 prioritetl\u0259\u015fdiririk v\u0259 h\u0259yata ke\u00e7irdiyimiz h\u0259r bir layih\u0259nin keyfiyy\u0259t v\u0259 t\u0259hl\u00fck\u0259sizliy\u0259 olan \u00f6hd\u0259liyimizi \u0259ks etdirm\u0259sini t\u0259min edirik. \u0130lkin dizayn m\u0259rh\u0259l\u0259sind\u0259n son toxunu\u015flara q\u0259d\u0259r biz t\u0259f\u0259rr\u00fcata ciddi diqq\u0259t yetiririk, vizyonunuzun d\u0259qiqlik v\u0259 m\u00fck\u0259mm\u0259llikl\u0259 h\u0259yata ke\u00e7irilm\u0259sini t\u0259min edirik.<\/p>\n<link rel=\"stylesheet\" href=\"https:\/\/intasconstruction.com\/wp-content\/plugins\/elementor\/assets\/css\/widget-icon-list.min.css\">\n<ul>\n<li>\n\t\t\t\t\t\t\t<svg aria-hidden=\"true\" viewBox=\"0 0 512 512\" xmlns=\"http:\/\/www.w3.org\/2000\/svg\"><path d=\"M493.4 24.6l-104-24c-11.3-2.6-22.9 3.3-27.5 13.9l-48 112c-4.2 9.8-1.4 21.3 6.9 28l60.6 49.6c-36 76.7-98.9 140.5-177.2 177.2l-49.6-60.6c-6.8-8.3-18.2-11.1-28-6.9l-112 48C3.9 366.5-2 378.1.6 389.4l24 104C27.1 504.2 36.7 512 48 512c256.1 0 464-207.5 464-464 0-11.2-7.7-20.9-18.6-23.4z\"><\/path><\/svg><br \/>\n\t\t\t\t\t\t\t\t\t\tBiz\u0259 Bug\u00fcn Z\u0259ng Edin\n\t\t\t\t\t\t\t\t\t<\/li>\n<\/ul>\n<h3>+994 50 212 48 55<\/h3>\n<style>\/*! elementor - v3.14.0 - 26-06-2023 *\/\n.elementor-widget-image{text-align:center}.elementor-widget-image a{display:inline-block}.elementor-widget-image a img[src$=\".svg\"]{width:48px}.elementor-widget-image img{vertical-align:middle;display:inline-block}<\/style>\n<p>\t\t\t\t\t\t\t\t\t\t\t\t<img decoding=\"async\" src=\"https:\/\/intasconstruction.com\/wp-content\/uploads\/elementor\/thumbs\/about-img-1-q99e59dx6f6k0fijxx9zpdn8ttbx52p650cnxmzkf4.jpg\" title=\"about-img.jpg\" alt=\"about-img.jpg\" loading=\"lazy\" \/>\t\t\t\t\t\t\t\t\t\t\t\t\t\t\t<\/p>\n<h2>M\u0259sl\u0259h\u0259t Al\u0131n!<\/h2>\n<p>Pe\u015f\u0259kar tikinti \u015firk\u0259timizl\u0259 layih\u0259nizin m\u00fct\u0259x\u0259ssis komandan\u0131n \u0259lind\u0259 oldu\u011funa etibar ed\u0259 bil\u0259rsiniz. Bacar\u0131ql\u0131 memarlardan layih\u0259 menecerl\u0259rin\u0259 q\u0259d\u0259r biz m\u00fcst\u0259sna n\u0259tic\u0259l\u0259r \u0259ld\u0259 etm\u0259y\u0259 sadiq olan istedadl\u0131 pe\u015f\u0259karlar qrupunu bir araya g\u0259tirmi\u015fik. Komandam\u0131z\u0131n t\u0259cr\u00fcb\u0259si tikinti layih\u0259nizin ba\u015fdan sona q\u0259d\u0259r bacar\u0131ql\u0131 \u0259ll\u0259rd\u0259 olmas\u0131n\u0131 t\u0259min edir.<\/p>\n<p>\t\t\t<a href=\"#\"><br \/>\n\t\t\t\t<svg xmlns=\"http:\/\/www.w3.org\/2000\/svg\" viewBox=\"0 0 32 32\"><path d=\"M 18.71875 6.78125 L 17.28125 8.21875 L 24.0625 15 L 4 15 L 4 17 L 24.0625 17 L 17.28125 23.78125 L 18.71875 25.21875 L 27.21875 16.71875 L 27.90625 16 L 27.21875 15.28125 Z\"><\/path><\/svg><br \/>\n\t\t\t\t\t\tG\u00f6r\u00fc\u015f Sifari\u015f Edin<br \/>\n\t\t\t\t\t<\/a><br \/>\n\t\t\t\t\t\t\t\t\t\t\t\t\t\t\t<img decoding=\"async\" src=\"https:\/\/intasconstruction.com\/wp-content\/uploads\/elementor\/thumbs\/specialization-img-1-q99e5abrd97uc1h6sfom9vepf77acrswh505ewy68w.jpg\" title=\"specialization-img.jpg\" alt=\"specialization-img.jpg\" loading=\"lazy\" \/>\t\t\t\t\t\t\t\t\t\t\t\t\t\t\t<\/p>\n<h2>\u0130xtisasl\u0131l\u0131\u011f\u0131m\u0131z<\/h2>\n<p>Tikinti \u015firk\u0259timizd\u0259 biz h\u0259yata ke\u00e7irdiyimiz h\u0259r bir layih\u0259y\u0259 misilsiz t\u0259cr\u00fcb\u0259 g\u0259tiririk. Biziml\u0259 tikinti layih\u0259nizin u\u011furunu t\u0259min ed\u0259c\u0259k m\u00fct\u0259x\u0259ssisl\u0259rin \u0259lind\u0259 oldu\u011funa \u0259min ola bil\u0259rsiniz.<\/p>\n<link rel=\"stylesheet\" href=\"https:\/\/intasconstruction.com\/wp-content\/plugins\/elementor\/assets\/css\/widget-icon-box.min.css\">\n\t\t\t\t<svg aria-hidden=\"true\" viewBox=\"0 0 448 512\" xmlns=\"http:\/\/www.w3.org\/2000\/svg\"><path d=\"M400 32H48C21.5 32 0 53.5 0 80v352c0 26.5 21.5 48 48 48h352c26.5 0 48-21.5 48-48V80c0-26.5-21.5-48-48-48zm-6 400H54c-3.3 0-6-2.7-6-6V86c0-3.3 2.7-6 6-6h340c3.3 0 6 2.7 6 6v340c0 3.3-2.7 6-6 6z\"><\/path><\/svg>\t\t\t\t<\/p>\n<h5>\n\t\t\t\t\t\tYa\u015fay\u0131\u015f Binalar\u0131n\u0131n Tikintisi<br \/>\n\t\t\t\t<\/h5>\n<p>\n\t\t\t\t\t\tBiz sizin unikal \u00fcslubunuzu \u0259ks etdir\u0259n evl\u0259r tikirik v\u0259 ail\u0259niz \u00fc\u00e7\u00fcn s\u0131\u011f\u0131nacaq &#8230;\t\t\t\t\t<\/p>\n<p>\t\t\t\t<svg aria-hidden=\"true\" viewBox=\"0 0 576 512\" xmlns=\"http:\/\/www.w3.org\/2000\/svg\"><path d=\"M480 416v16c0 26.51-21.49 48-48 48H48c-26.51 0-48-21.49-48-48V176c0-26.51 21.49-48 48-48h16v48H54a6 6 0 0 0-6 6v244a6 6 0 0 0 6 6h372a6 6 0 0 0 6-6v-10h48zm42-336H150a6 6 0 0 0-6 6v244a6 6 0 0 0 6 6h372a6 6 0 0 0 6-6V86a6 6 0 0 0-6-6zm6-48c26.51 0 48 21.49 48 48v256c0 26.51-21.49 48-48 48H144c-26.51 0-48-21.49-48-48V80c0-26.51 21.49-48 48-48h384zM264 144c0 22.091-17.909 40-40 40s-40-17.909-40-40 17.909-40 40-40 40 17.909 40 40zm-72 96l39.515-39.515c4.686-4.686 12.284-4.686 16.971 0L288 240l103.515-103.515c4.686-4.686 12.284-4.686 16.971 0L480 208v80H192v-48z\"><\/path><\/svg>\t\t\t\t<\/p>\n<h5>\n\t\t\t\t\t\tYenid\u0259nqurma v\u0259 T\u0259mir<br \/>\n\t\t\t\t<\/h5>\n<p>\n\t\t\t\t\t\tM\u00f6vcud m\u0259kanlara yeni n\u0259f\u0259s veririk, onlar\u0131 m\u00fcasir v\u0259 funksional m\u00fchitl\u0259r\u0259&#8230;\t\t\t\t\t<\/p>\n<p>\t\t\t\t<svg aria-hidden=\"true\" viewBox=\"0 0 384 512\" xmlns=\"http:\/\/www.w3.org\/2000\/svg\"><path d=\"M368 48h4c6.627 0 12-5.373 12-12V12c0-6.627-5.373-12-12-12H12C5.373 0 0 5.373 0 12v24c0 6.627 5.373 12 12 12h4c0 80.564 32.188 165.807 97.18 208C47.899 298.381 16 383.9 16 464h-4c-6.627 0-12 5.373-12 12v24c0 6.627 5.373 12 12 12h360c6.627 0 12-5.373 12-12v-24c0-6.627-5.373-12-12-12h-4c0-80.564-32.188-165.807-97.18-208C336.102 213.619 368 128.1 368 48zM64 48h256c0 101.62-57.307 184-128 184S64 149.621 64 48zm256 416H64c0-101.62 57.308-184 128-184s128 82.38 128 184z\"><\/path><\/svg>\t\t\t\t<\/p>\n<h5>\n\t\t\t\t\t\tLayih\u0259nin \u0130dar\u0259 Olunmas\u0131<br \/>\n\t\t\t\t<\/h5>\n<p>\n\t\t\t\t\t\tProblemsiz icra v\u0259 m\u00fcst\u0259sna n\u0259tic\u0259l\u0259ri t\u0259min ed\u0259r\u0259k, layih\u0259nizin h\u0259r&#8230;..\t\t\t\t\t<\/p>\n<p>\t\t\t\t<svg aria-hidden=\"true\" viewBox=\"0 0 576 512\" xmlns=\"http:\/\/www.w3.org\/2000\/svg\"><path d=\"M402.3 344.9l32-32c5-5 13.7-1.5 13.7 5.7V464c0 26.5-21.5 48-48 48H48c-26.5 0-48-21.5-48-48V112c0-26.5 21.5-48 48-48h273.5c7.1 0 10.7 8.6 5.7 13.7l-32 32c-1.5 1.5-3.5 2.3-5.7 2.3H48v352h352V350.5c0-2.1.8-4.1 2.3-5.6zm156.6-201.8L296.3 405.7l-90.4 10c-26.2 2.9-48.5-19.2-45.6-45.6l10-90.4L432.9 17.1c22.9-22.9 59.9-22.9 82.7 0l43.2 43.2c22.9 22.9 22.9 60 .1 82.8zM460.1 174L402 115.9 216.2 301.8l-7.3 65.3 65.3-7.3L460.1 174zm64.8-79.7l-43.2-43.2c-4.1-4.1-10.8-4.1-14.8 0L436 82l58.1 58.1 30.9-30.9c4-4.2 4-10.8-.1-14.9z\"><\/path><\/svg>\t\t\t\t<\/p>\n<h5>\n\t\t\t\t\t\tQeyri-Ya\u015fay\u0131\u015f Binalar\u0131n\u0131n Tikintisi<br \/>\n\t\t\t\t<\/h5>\n<p>\n\t\t\t\t\t\tBiz u\u011furu ruhland\u0131ran v\u0259 qal\u0131c\u0131 t\u0259\u0259ss\u00fcrat buraxan ticar\u0259t m\u0259kanlar\u0131n\u0131 di&#8230;..\t\t\t\t\t<\/p>\n<p>\t\t\t\t<svg aria-hidden=\"true\" viewBox=\"0 0 512 512\" xmlns=\"http:\/\/www.w3.org\/2000\/svg\"><path d=\"M500 128c6.627 0 12-5.373 12-12V44c0-6.627-5.373-12-12-12h-72c-6.627 0-12 5.373-12 12v12H96V44c0-6.627-5.373-12-12-12H12C5.373 32 0 37.373 0 44v72c0 6.627 5.373 12 12 12h12v256H12c-6.627 0-12 5.373-12 12v72c0 6.627 5.373 12 12 12h72c6.627 0 12-5.373 12-12v-12h320v12c0 6.627 5.373 12 12 12h72c6.627 0 12-5.373 12-12v-72c0-6.627-5.373-12-12-12h-12V128h12zm-52-64h32v32h-32V64zM32 64h32v32H32V64zm32 384H32v-32h32v32zm416 0h-32v-32h32v32zm-40-64h-12c-6.627 0-12 5.373-12 12v12H96v-12c0-6.627-5.373-12-12-12H72V128h12c6.627 0 12-5.373 12-12v-12h320v12c0 6.627 5.373 12 12 12h12v256zm-36-192h-84v-52c0-6.628-5.373-12-12-12H108c-6.627 0-12 5.372-12 12v168c0 6.628 5.373 12 12 12h84v52c0 6.628 5.373 12 12 12h200c6.627 0 12-5.372 12-12V204c0-6.628-5.373-12-12-12zm-268-24h144v112H136V168zm240 176H232v-24h76c6.627 0 12-5.372 12-12v-76h56v112z\"><\/path><\/svg>\t\t\t\t<\/p>\n<h5>\n\t\t\t\t\t\tYa\u015f\u0131l Tikinti H\u0259ll\u0259ri<br \/>\n\t\t\t\t<\/h5>\n<p>\n\t\t\t\t\t\tEnerji s\u0259m\u0259r\u0259liliyini v\u0259 \u0259traf m\u00fchit\u0259 n\u0259zar\u0259ti t\u0259\u015fviq ed\u0259n ekoloji h\u0259ll\u0259r t\u0259klif ed&#8230;&#8230;.\t\t\t\t\t<\/p>\n<p>\t\t\t\t<svg aria-hidden=\"true\" viewBox=\"0 0 576 512\" xmlns=\"http:\/\/www.w3.org\/2000\/svg\"><path d=\"M564 224c6.627 0 12-5.373 12-12v-72c0-6.627-5.373-12-12-12h-72c-6.627 0-12 5.373-12 12v12h-88v-24h12c6.627 0 12-5.373 12-12V44c0-6.627-5.373-12-12-12h-72c-6.627 0-12 5.373-12 12v12H96V44c0-6.627-5.373-12-12-12H12C5.373 32 0 37.373 0 44v72c0 6.627 5.373 12 12 12h12v160H12c-6.627 0-12 5.373-12 12v72c0 6.627 5.373 12 12 12h72c6.627 0 12-5.373 12-12v-12h88v24h-12c-6.627 0-12 5.373-12 12v72c0 6.627 5.373 12 12 12h72c6.627 0 12-5.373 12-12v-12h224v12c0 6.627 5.373 12 12 12h72c6.627 0 12-5.373 12-12v-72c0-6.627-5.373-12-12-12h-12V224h12zM352 64h32v32h-32V64zm0 256h32v32h-32v-32zM64 352H32v-32h32v32zm0-256H32V64h32v32zm32 216v-12c0-6.627-5.373-12-12-12H72V128h12c6.627 0 12-5.373 12-12v-12h224v12c0 6.627 5.373 12 12 12h12v160h-12c-6.627 0-12 5.373-12 12v12H96zm128 136h-32v-32h32v32zm280-64h-12c-6.627 0-12 5.373-12 12v12H256v-12c0-6.627-5.373-12-12-12h-12v-24h88v12c0 6.627 5.373 12 12 12h72c6.627 0 12-5.373 12-12v-72c0-6.627-5.373-12-12-12h-12v-88h88v12c0 6.627 5.373 12 12 12h12v160zm40 64h-32v-32h32v32zm0-256h-32v-32h32v32z\"><\/path><\/svg>\t\t\t\t<\/p>\n<h5>\n\t\t\t\t\t\tS\u0259naye Binalar\u0131n\u0131n Tikintisi<br \/>\n\t\t\t\t<\/h5>\n<p>\n\t\t\t\t\t\tBiz biznes \u00fc\u00e7\u00fcn funksionall\u0131\u011f\u0131 v\u0259 m\u0259hsuldarl\u0131\u011f\u0131 optimall&#8230;&#8230;\t\t\t\t\t<\/p>\n<style>\/*! elementor - v3.14.0 - 26-06-2023 *\/\n.elementor-counter .elementor-counter-number-wrapper{display:flex;font-size:69px;font-weight:600;line-height:1}.elementor-counter .elementor-counter-number-prefix,.elementor-counter .elementor-counter-number-suffix{flex-grow:1;white-space:pre-wrap}.elementor-counter .elementor-counter-number-prefix{text-align:right}.elementor-counter .elementor-counter-number-suffix{text-align:left}.elementor-counter .elementor-counter-title{text-align:center;font-size:19px;font-weight:400;line-height:2.5}<\/style>\n<p>\t\t\t\t\t\t\tClients<br \/>\n\t\t\t\t\t\t\tProjects<br \/>\n\t\t\t\t\t\t\tRepairing<br \/>\n\t\t\t\t\t\t\tAwards<\/p>\n","protected":false},"excerpt":{"rendered":"<p>Geni\u015f Vizyon D\u00fcr\u00fcst Xidm\u0259t \u018fla D\u0259y\u0259r Layih\u0259l\u0259rimizi t\u0259yin olunmu\u015f m\u00fcdd\u0259t \u0259rzind\u0259 t\u0259qdim etm\u0259k bizim\u00a0 m\u0259qs\u0259dimizdir v\u0259 bu\u00a0 h\u0259m ke\u00e7mi\u015fd\u0259, h\u0259m d\u0259 indiki vaxtda d\u0259yi\u015fm\u0259z olaraq qal\u0131r. M\u0259sl\u0259h\u0259t Al\u0131n \u018flaq\u0259 saxlay\u0131n Tikinti \u015eirk\u0259timiz\u0259 Xo\u015f G\u0259lmisiniz Vizyonlar\u0131m\u0131z\u0131 harada yarad\u0131r\u0131q Pe\u015f\u0259kar tikinti \u015firk\u0259timiz\u0259 xo\u015f g\u0259lmisiniz! Biz sizin b\u00fct\u00fcn tikinti ehtiyaclar\u0131n\u0131za cavab ver\u0259n y\u00fcks\u0259k s\u0259viyy\u0259li xidm\u0259tl\u0259r t\u0259klif etm\u0259kd\u0259n q\u00fcrur &hellip;<\/p>\n<p class=\"read-more\"> <a class=\"\" href=\"https:\/\/intasconstruction.com\/\"> <span class=\"screen-reader-text\">Home<\/span> Read More &raquo;<\/a><\/p>\n","protected":false},"author":1,"featured_media":0,"parent":0,"menu_order":0,"comment_status":"closed","ping_status":"open","template":"","meta":{"site-sidebar-layout":"no-sidebar","site-content-layout":"page-builder","ast-global-header-display":"","ast-banner-title-visibility":"","ast-main-header-display":"","ast-hfb-above-header-display":"","ast-hfb-below-header-display":"","ast-hfb-mobile-header-display":"","site-post-title":"disabled","ast-breadcrumbs-content":"","ast-featured-img":"disabled","footer-sml-layout":"","theme-transparent-header-meta":"enabled","adv-header-id-meta":"","stick-header-meta":"","header-above-stick-meta":"","header-main-stick-meta":"","header-below-stick-meta":""},"_links":{"self":[{"href":"https:\/\/intasconstruction.com\/index.php\/wp-json\/wp\/v2\/pages\/2"}],"collection":[{"href":"https:\/\/intasconstruction.com\/index.php\/wp-json\/wp\/v2\/pages"}],"about":[{"href":"https:\/\/intasconstruction.com\/index.php\/wp-json\/wp\/v2\/types\/page"}],"author":[{"embeddable":true,"href":"https:\/\/intasconstruction.com\/index.php\/wp-json\/wp\/v2\/users\/1"}],"replies":[{"embeddable":true,"href":"https:\/\/intasconstruction.com\/index.php\/wp-json\/wp\/v2\/comments?post=2"}],"version-history":[{"count":28,"href":"https:\/\/intasconstruction.com\/index.php\/wp-json\/wp\/v2\/pages\/2\/revisions"}],"predecessor-version":[{"id":1990,"href":"https:\/\/intasconstruction.com\/index.php\/wp-json\/wp\/v2\/pages\/2\/revisions\/1990"}],"wp:attachment":[{"href":"https:\/\/intasconstruction.com\/index.php\/wp-json\/wp\/v2\/media?parent=2"}],"curies":[{"name":"wp","href":"https:\/\/api.w.org\/{rel}","templated":true}]}}